{"id":318,"date":"2025-05-23T07:17:04","date_gmt":"2025-05-23T05:17:04","guid":{"rendered":"https:\/\/www.arzhoptics.com\/telechargements\/"},"modified":"2026-03-14T15:31:45","modified_gmt":"2026-03-14T14:31:45","slug":"telechargements","status":"publish","type":"page","link":"https:\/\/www.arzhoptics.com\/fr\/telechargements\/","title":{"rendered":"T\u00e9l\u00e9chargements"},"content":{"rendered":"<div id=\"pl-318\"  class=\"panel-layout\" ><div id=\"pg-318-0\"  class=\"panel-grid panel-has-style\" ><div class=\"padding panel-row-style panel-row-style-for-318-0\" ><div id=\"pgc-318-0-0\"  class=\"panel-grid-cell\" ><div id=\"panel-318-0-0-0\" class=\"so-panel widget widget_sow-image panel-first-child panel-last-child\" data-index=\"0\" ><div class=\"rounded panel-widget-style panel-widget-style-for-318-0-0-0\" ><div\n\t\t\t\n\t\t\tclass=\"so-widget-sow-image so-widget-sow-image-default-8b5b6f678277-318\"\n\t\t\t\n\t\t>\n<div class=\"sow-image-container\">\n\t\t<img \n\tsrc=\"https:\/\/www.arzhoptics.com\/wp-content\/uploads\/2025\/05\/case-studies-success-stories.jpg\" width=\"800\" height=\"800\" srcset=\"https:\/\/www.arzhoptics.com\/wp-content\/uploads\/2025\/05\/case-studies-success-stories.jpg 800w, https:\/\/www.arzhoptics.com\/wp-content\/uploads\/2025\/05\/case-studies-success-stories-300x300.jpg 300w, https:\/\/www.arzhoptics.com\/wp-content\/uploads\/2025\/05\/case-studies-success-stories-150x150.jpg 150w, https:\/\/www.arzhoptics.com\/wp-content\/uploads\/2025\/05\/case-studies-success-stories-768x768.jpg 768w, https:\/\/www.arzhoptics.com\/wp-content\/uploads\/2025\/05\/case-studies-success-stories-125x125.jpg 125w\" sizes=\"(max-width: 800px) 100vw, 800px\" alt=\"\" \t\tclass=\"so-widget-image\"\/>\n\t<\/div>\n\n<\/div><\/div><\/div><\/div><div id=\"pgc-318-0-1\"  class=\"panel-grid-cell panel-grid-cell-empty\" ><\/div><div id=\"pgc-318-0-2\"  class=\"panel-grid-cell\" ><div id=\"panel-318-0-2-0\" class=\"so-panel widget widget_sow-editor panel-first-child panel-last-child\" data-index=\"1\" ><div\n\t\t\t\n\t\t\tclass=\"so-widget-sow-editor so-widget-sow-editor-base\"\n\t\t\t\n\t\t>\n<div class=\"siteorigin-widget-tinymce textwidget\">\n\t<h2 class=\"black\">\u00c9tudes de cas et exemples de r\u00e9alisations<\/h2>\n<p>Chez ArzhOptics, nous accompagnons r\u00e9guli\u00e8rement nos clients dans la r\u00e9solution de d\u00e9fis complexes li\u00e9s \u00e0 la photonique et aux deep tech . Si bon nombre de nos r\u00e9ussites sont issues de collaborations confidentielles, nous pr\u00e9parons actuellement une s\u00e9lection d\u2019\u00e9tudes de cas anonymis\u00e9es illustrant concr\u00e8tement l\u2019impact et la valeur ajout\u00e9e de notre travail.<\/p>\n<p>Cette section est en cours de d\u00e9veloppement. Toutefois, si vous souhaitez d\u00e9couvrir des exemples en lien avec vos besoins sp\u00e9cifiques, nous serions ravis de partager des cas pertinents ou des retours d\u2019exp\u00e9rience \u2014 dans le respect des engagements de confidentialit\u00e9.<\/p>\n<p><a class=\"btn black\" href=\"https:\/\/www.arzhoptics.com\/fr\/contact\/\">Contactez-nous pour en savoir plus.<\/a><\/p>\n<\/div>\n<\/div><\/div><\/div><\/div><\/div><div id=\"pg-318-1\"  class=\"panel-grid panel-has-style\" ><div class=\"bg grey about siteorigin-panels-stretch panel-row-style panel-row-style-for-318-1\" data-stretch-type=\"full\" ><div id=\"pgc-318-1-0\"  class=\"panel-grid-cell\" ><div id=\"panel-318-1-0-0\" class=\"so-panel widget widget_sow-editor panel-first-child\" data-index=\"2\" ><div\n\t\t\t\n\t\t\tclass=\"so-widget-sow-editor so-widget-sow-editor-base\"\n\t\t\t\n\t\t>\n<div class=\"siteorigin-widget-tinymce textwidget\">\n\t<h2 class=\"black\" style=\"text-align: center;\">A propos d'Arzhoptics<\/h2>\n<\/div>\n<\/div><\/div><div id=\"panel-318-1-0-1\" class=\"so-panel widget widget_siteorigin-panels-builder panel-last-child\" data-index=\"3\" ><div id=\"pl-w69b570e2ef0ba\"  class=\"panel-layout\" ><div id=\"pg-w69b570e2ef0ba-0\"  class=\"panel-grid panel-no-style\" ><div id=\"pgc-w69b570e2ef0ba-0-0\"  class=\"panel-grid-cell panel-grid-cell-empty\" ><\/div><div id=\"pgc-w69b570e2ef0ba-0-1\"  class=\"panel-grid-cell\" ><div id=\"panel-w69b570e2ef0ba-0-1-0\" class=\"so-panel widget widget_sow-editor panel-first-child panel-last-child\" data-index=\"0\" ><div class=\"box panel-widget-style panel-widget-style-for-w69b570e2ef0ba-0-1-0\" ><div\n\t\t\t\n\t\t\tclass=\"so-widget-sow-editor so-widget-sow-editor-base\"\n\t\t\t\n\t\t>\n<div class=\"siteorigin-widget-tinymce textwidget\">\n\t<p style=\"text-align: center;\"><a href=\"https:\/\/www.arzhoptics.com\/wp-content\/uploads\/2026\/02\/ARZHOPTICS-Services-EN-Feb26.pdf\" target=\"_blank\" rel=\"noopener\"><strong>Notre flyer export 2026<\/strong><\/a><\/p>\n<\/div>\n<\/div><\/div><\/div><\/div><div id=\"pgc-w69b570e2ef0ba-0-2\"  class=\"panel-grid-cell\" ><div id=\"panel-w69b570e2ef0ba-0-2-0\" class=\"so-panel widget widget_sow-editor panel-first-child panel-last-child\" data-index=\"1\" ><div class=\"box panel-widget-style panel-widget-style-for-w69b570e2ef0ba-0-2-0\" ><div\n\t\t\t\n\t\t\tclass=\"so-widget-sow-editor so-widget-sow-editor-base\"\n\t\t\t\n\t\t>\n<div class=\"siteorigin-widget-tinymce textwidget\">\n\t<p style=\"text-align: center;\"><a href=\"https:\/\/www.arzhoptics.com\/wp-content\/uploads\/2026\/01\/ARZHOPTICS-Presentation-CES2026.pdf\" target=\"_blank\" rel=\"noopener\"><strong>Notre pr\u00e9sentation au CES 2026<\/strong><\/a><\/p>\n<\/div>\n<\/div><\/div><\/div><\/div><div id=\"pgc-w69b570e2ef0ba-0-3\"  class=\"panel-grid-cell\" ><div id=\"panel-w69b570e2ef0ba-0-3-0\" class=\"so-panel widget widget_sow-editor panel-first-child panel-last-child\" data-index=\"2\" ><div class=\"box panel-widget-style panel-widget-style-for-w69b570e2ef0ba-0-3-0\" ><div\n\t\t\t\n\t\t\tclass=\"so-widget-sow-editor so-widget-sow-editor-base\"\n\t\t\t\n\t\t>\n<div class=\"siteorigin-widget-tinymce textwidget\">\n\t<p style=\"text-align: center;\"><a href=\"https:\/\/www.arzhoptics.com\/wp-content\/uploads\/2025\/06\/ARZHOPTICS-Presentation-FR.pdf\" target=\"_blank\" rel=\"noopener\"><strong>Notre pr\u00e9sentation<\/strong><\/a><\/p>\n<\/div>\n<\/div><\/div><\/div><\/div><\/div><\/div><\/div><\/div><\/div><\/div><div id=\"pg-318-2\"  class=\"panel-grid panel-has-style\" ><div class=\"bg cta services siteorigin-panels-stretch panel-row-style panel-row-style-for-318-2\" data-stretch-type=\"full\" ><div id=\"pgc-318-2-0\"  class=\"panel-grid-cell\" ><div id=\"panel-318-2-0-0\" class=\"so-panel widget widget_sow-editor panel-first-child panel-last-child\" data-index=\"4\" ><div class=\"limitp panel-widget-style panel-widget-style-for-318-2-0-0\" ><div\n\t\t\t\n\t\t\tclass=\"so-widget-sow-editor so-widget-sow-editor-base\"\n\t\t\t\n\t\t>\n<div class=\"siteorigin-widget-tinymce textwidget\">\n\t<h4 style=\"text-align: center;\">D\u00e9couvrez comment nous pouvons accompagner votre d\u00e9veloppement<\/h4>\n<p><center><a class=\"btn yellow large\" href=\"https:\/\/www.arzhoptics.com\/fr\/contact\/\">Contactez-nous d\u00e8s aujourd\u2019hui !<\/a><\/center><\/p>\n<\/div>\n<\/div><\/div><\/div><\/div><\/div><\/div><\/div>","protected":false},"excerpt":{"rendered":"<p>\u00c9tudes de cas et exemples de r\u00e9alisations Chez ArzhOptics, nous accompagnons r\u00e9guli\u00e8rement nos clients dans la r\u00e9solution de d\u00e9fis complexes&#8230; <a class=\"excerpt-read-more button\" href=\"https:\/\/www.arzhoptics.com\/fr\/telechargements\/\" title=\"ReadT\u00e9l\u00e9chargements\"> Lire la suite<\/a><\/p>\n","protected":false},"author":1,"featured_media":0,"parent":0,"menu_order":0,"comment_status":"closed","ping_status":"closed","template":"template-title.php","meta":{"_acf_changed":false,"inline_featured_image":false,"footnotes":""},"class_list":["post-318","page","type-page","status-publish","hentry"],"acf":[],"aioseo_notices":[],"_links":{"self":[{"href":"https:\/\/www.arzhoptics.com\/fr\/wp-json\/wp\/v2\/pages\/318","targetHints":{"allow":["GET"]}}],"collection":[{"href":"https:\/\/www.arzhoptics.com\/fr\/wp-json\/wp\/v2\/pages"}],"about":[{"href":"https:\/\/www.arzhoptics.com\/fr\/wp-json\/wp\/v2\/types\/page"}],"author":[{"embeddable":true,"href":"https:\/\/www.arzhoptics.com\/fr\/wp-json\/wp\/v2\/users\/1"}],"replies":[{"embeddable":true,"href":"https:\/\/www.arzhoptics.com\/fr\/wp-json\/wp\/v2\/comments?post=318"}],"version-history":[{"count":10,"href":"https:\/\/www.arzhoptics.com\/fr\/wp-json\/wp\/v2\/pages\/318\/revisions"}],"predecessor-version":[{"id":663,"href":"https:\/\/www.arzhoptics.com\/fr\/wp-json\/wp\/v2\/pages\/318\/revisions\/663"}],"wp:attachment":[{"href":"https:\/\/www.arzhoptics.com\/fr\/wp-json\/wp\/v2\/media?parent=318"}],"curies":[{"name":"wp","href":"https:\/\/api.w.org\/{rel}","templated":true}]}}