{"id":293,"date":"2025-04-11T15:38:26","date_gmt":"2025-04-11T13:38:26","guid":{"rendered":"https:\/\/www.arzhoptics.com\/services\/"},"modified":"2026-03-14T15:21:13","modified_gmt":"2026-03-14T14:21:13","slug":"services","status":"publish","type":"page","link":"https:\/\/www.arzhoptics.com\/fr\/services\/","title":{"rendered":"Services"},"content":{"rendered":"<div id=\"pl-293\"  class=\"panel-layout\" ><div id=\"pg-293-0\"  class=\"panel-grid panel-has-style\" ><div class=\"padding panel-row-style panel-row-style-for-293-0\" ><div id=\"pgc-293-0-0\"  class=\"panel-grid-cell\" ><div id=\"panel-293-0-0-0\" class=\"so-panel widget widget_sow-image panel-first-child panel-last-child\" data-index=\"0\" ><div class=\"rounded panel-widget-style panel-widget-style-for-293-0-0-0\" ><div\n\t\t\t\n\t\t\tclass=\"so-widget-sow-image so-widget-sow-image-default-8b5b6f678277-293\"\n\t\t\t\n\t\t>\n<div class=\"sow-image-container\">\n\t\t<img \n\tsrc=\"https:\/\/www.arzhoptics.com\/wp-content\/uploads\/2025\/05\/services.jpg\" width=\"800\" height=\"800\" srcset=\"https:\/\/www.arzhoptics.com\/wp-content\/uploads\/2025\/05\/services.jpg 800w, https:\/\/www.arzhoptics.com\/wp-content\/uploads\/2025\/05\/services-300x300.jpg 300w, https:\/\/www.arzhoptics.com\/wp-content\/uploads\/2025\/05\/services-150x150.jpg 150w, https:\/\/www.arzhoptics.com\/wp-content\/uploads\/2025\/05\/services-768x768.jpg 768w, https:\/\/www.arzhoptics.com\/wp-content\/uploads\/2025\/05\/services-125x125.jpg 125w\" sizes=\"(max-width: 800px) 100vw, 800px\" alt=\"\" \t\tclass=\"so-widget-image\"\/>\n\t<\/div>\n\n<\/div><\/div><\/div><\/div><div id=\"pgc-293-0-1\"  class=\"panel-grid-cell panel-grid-cell-empty\" ><\/div><div id=\"pgc-293-0-2\"  class=\"panel-grid-cell\" ><div id=\"panel-293-0-2-0\" class=\"so-panel widget widget_sow-editor panel-first-child panel-last-child\" data-index=\"1\" ><div\n\t\t\t\n\t\t\tclass=\"so-widget-sow-editor so-widget-sow-editor-base\"\n\t\t\t\n\t\t>\n<div class=\"siteorigin-widget-tinymce textwidget\">\n\t<h2 class=\"black\">Ce que nous faisons<\/h2>\n<p>Nous accompagnons l\u2019innovation et la croissance dans les secteurs de la photonique et des deep tech, en France, en Europe et \u00e0 l\u2019international, gr\u00e2ce \u00e0 une large gamme de services.<\/p>\n<p><a class=\"btn black\" href=\"https:\/\/www.arzhoptics.com\/fr\/contact\/\">Contactez-nous<\/a><\/p>\n<\/div>\n<\/div><\/div><\/div><\/div><\/div><div id=\"pg-293-1\"  class=\"panel-grid panel-has-style\" ><div class=\"bg yellow siteorigin-panels-stretch panel-row-style panel-row-style-for-293-1\" data-stretch-type=\"full\" ><div id=\"pgc-293-1-0\"  class=\"panel-grid-cell\" ><div id=\"panel-293-1-0-0\" class=\"so-panel widget widget_sow-editor panel-first-child\" data-index=\"2\" ><div\n\t\t\t\n\t\t\tclass=\"so-widget-sow-editor so-widget-sow-editor-base\"\n\t\t\t\n\t\t>\n<div class=\"siteorigin-widget-tinymce textwidget\">\n\t<h3 style=\"text-align: center;\" class=\"black\">D\u00e9couvrez nos services<\/h3>\n<\/div>\n<\/div><\/div><div id=\"panel-293-1-0-1\" class=\"so-panel widget widget_sow-accordion panel-last-child\" data-index=\"3\" ><div\n\t\t\t\n\t\t\tclass=\"so-widget-sow-accordion so-widget-sow-accordion-default-a7699f1140e2-293\"\n\t\t\t data-max-open-panels=\"1\" data-initial-scroll-panel=\"0\"\n\t\t><div>\n\t<div class=\"sow-accordion\">\n\t\t\t<div class=\"sow-accordion-panel\n\t\t sow-accordion-panel-open\t\t\t\"\n\t\t\t\tdata-anchor-id=\"conseil-en-affaires-et-accompagnement-strategique\">\n\t\t\t\t\t<div class=\"sow-accordion-panel-header-container\" role=\"heading\" aria-level=\"2\">\n\t\t\t\t\t<div class=\"sow-accordion-panel-header\" tabindex=\"0\" role=\"button\" id=\"accordion-label-conseil-en-affaires-et-accompagnement-strat%c3%a9gique\" aria-controls=\"accordion-content-conseil-en-affaires-et-accompagnement-strat%c3%a9gique\" aria-expanded=\"true\">\n\t\t\t\t\t\t<div class=\"sow-accordion-title sow-accordion-title-icon-left\">\n\t\t\t\t\t\t\t\t\t\t\t\t\t\tConseil en affaires et accompagnement strat\u00e9gique\t\t\t\t\t\t\t\t\t\t\t\t\t<\/div>\n\t\t\t\t\t\t<div class=\"sow-accordion-open-close-button\">\n\t\t\t\t\t\t\t<div class=\"sow-accordion-open-button\">\n\t\t\t\t\t\t\t\t<span class=\"sow-icon-fontawesome sow-fas\" data-sow-icon=\"&#x2b;\"\n\t\t \n\t\taria-hidden=\"true\"><\/span>\t\t\t\t\t\t\t<\/div>\n\t\t\t\t\t\t\t<div class=\"sow-accordion-close-button\">\n\t\t\t\t\t\t\t\t<span class=\"sow-icon-fontawesome sow-fas\" data-sow-icon=\"&#xf068;\"\n\t\t \n\t\taria-hidden=\"true\"><\/span>\t\t\t\t\t\t\t<\/div>\n\t\t\t\t\t\t<\/div>\n\t\t\t\t\t<\/div>\n\t\t\t\t<\/div>\n\n\t\t\t<div\n\t\t\t\tclass=\"sow-accordion-panel-content\"\n\t\t\t\trole=\"region\"\n\t\t\t\taria-labelledby=\"accordion-label-conseil-en-affaires-et-accompagnement-strat%c3%a9gique\"\n\t\t\t\tid=\"accordion-content-conseil-en-affaires-et-accompagnement-strat%c3%a9gique\"\n\t\t\t\t\t\t\t>\n\t\t\t\t<div class=\"sow-accordion-panel-border\">\n\t\t\t\t\t<div id=\"pl-w41cb97ef\"  class=\"panel-layout\" ><div id=\"pg-w41cb97ef-0\"  class=\"panel-grid panel-has-style\" ><div class=\"panel-row-style panel-row-style-for-w41cb97ef-0\" ><div id=\"pgc-w41cb97ef-0-0\"  class=\"panel-grid-cell\" ><div id=\"panel-w41cb97ef-0-0-0\" class=\"so-panel widget widget_sow-image panel-first-child panel-last-child\" data-index=\"0\" ><div class=\"panel-widget-style panel-widget-style-for-w41cb97ef-0-0-0\" ><div\n\t\t\t\n\t\t\tclass=\"so-widget-sow-image so-widget-sow-image-default-8b5b6f678277\"\n\t\t\t\n\t\t>\n<div class=\"sow-image-container\">\n\t\t<img \n\tsrc=\"https:\/\/www.arzhoptics.com\/wp-content\/uploads\/2025\/04\/business-consulting-strategic-support.jpg\" width=\"800\" height=\"800\" srcset=\"https:\/\/www.arzhoptics.com\/wp-content\/uploads\/2025\/04\/business-consulting-strategic-support.jpg 800w, https:\/\/www.arzhoptics.com\/wp-content\/uploads\/2025\/04\/business-consulting-strategic-support-300x300.jpg 300w, https:\/\/www.arzhoptics.com\/wp-content\/uploads\/2025\/04\/business-consulting-strategic-support-150x150.jpg 150w, https:\/\/www.arzhoptics.com\/wp-content\/uploads\/2025\/04\/business-consulting-strategic-support-768x768.jpg 768w, https:\/\/www.arzhoptics.com\/wp-content\/uploads\/2025\/04\/business-consulting-strategic-support-125x125.jpg 125w\" sizes=\"(max-width: 800px) 100vw, 800px\" alt=\"\" \t\tclass=\"so-widget-image\"\/>\n\t<\/div>\n\n<\/div><\/div><\/div><\/div><div id=\"pgc-w41cb97ef-0-1\"  class=\"panel-grid-cell panel-grid-cell-empty\" ><\/div><div id=\"pgc-w41cb97ef-0-2\"  class=\"panel-grid-cell\" ><div id=\"panel-w41cb97ef-0-2-0\" class=\"so-panel widget widget_sow-editor panel-first-child panel-last-child\" data-index=\"1\" ><div class=\"panel-widget-style panel-widget-style-for-w41cb97ef-0-2-0\" ><div\n\t\t\t\n\t\t\tclass=\"so-widget-sow-editor so-widget-sow-editor-base\"\n\t\t\t\n\t\t>\n<div class=\"siteorigin-widget-tinymce textwidget\">\n\t<p><strong>En tant que start-up ou PME, vous d\u00e9veloppez des produits innovants en photonique, deep tech ou high-tech, et vous souhaitez cro\u00eetre plus rapidement sur les march\u00e9s internationaux.<\/strong><\/p>\n<p>ArzhOptics vous accompagne dans la structuration et le d\u00e9ploiement de votre pr\u00e9sence commerciale \u00e0 l\u2019export, en combinant un accompagnement strat\u00e9gique et un d\u00e9veloppement commercial op\u00e9rationnel sur vos march\u00e9s cibles.<br \/>\nGr\u00e2ce \u00e0 un vaste r\u00e9seau en Europe, en Am\u00e9rique du Nord et dans la r\u00e9gion Asie-Pacifique, vous acc\u00e9dez plus rapidement aux \u00e9cosyst\u00e8mes, partenaires et d\u00e9cideurs pertinents.<\/p>\n<p><strong>Objectif : plus de business, plus rapidement<\/strong><\/p>\n<ul class=\"list\">\n<li>Plus de leads qualifi\u00e9s<\/li>\n<li>Plus de rendez-vous B2B<\/li>\n<li>Plus de partenariats<\/li>\n<li>Plus de ventes internationales<\/li>\n<\/ul>\n<p>L\u2019objectif est de transformer votre potentiel technologique en opportunit\u00e9s commerciales concr\u00e8tes sur vos march\u00e9s cibles<\/p>\n<p><strong>Ce que nous faisons pour vous<\/strong><\/p>\n<ul class=\"list\">\n<li>Identification et qualification de clients strat\u00e9giques, partenaires et distributeurs<\/li>\n<li>Prospection directe : appels, emails et messages cibl\u00e9s vers les bons contacts<\/li>\n<li>Mises en relation avec des d\u00e9cideurs industriels et parties prenantes cl\u00e9s<\/li>\n<li>D\u00e9veloppement et gestion de r\u00e9seaux de distributeurs et d\u2019agents<\/li>\n<li>D\u00e9ploiement d\u2019actions commerciales align\u00e9es avec votre strat\u00e9gie (campagnes, s\u00e9quences de prospection, relances)<\/li>\n<li>Accompagnement dans la d\u00e9finition et l\u2019affinement de votre proposition de valeur pour les march\u00e9s cibles<\/li>\n<li>Adaptation de vos supports commerciaux et marketing aux attentes des clients<\/li>\n<li>Accompagnement strat\u00e9gique et op\u00e9rationnel \u00e0 chaque \u00e9tape de votre d\u00e9veloppement export (priorisation pays, canaux de vente, mod\u00e8les de partenariat)<\/li>\n<li>Suivi op\u00e9rationnel r\u00e9gulier et revues de pipeline, avec des recommandations orient\u00e9es actions<\/li>\n<\/ul>\n<p><strong>Ce que vous pouvez attendre<\/strong><br \/>\nSous 3 \u00e0 6 mois, selon votre march\u00e9 et la maturit\u00e9 de votre produit, vous pouvez attendre :<\/p>\n<ul class=\"list\">\n<li>Un pipeline de ventes internationales actif avec des prospects qualifi\u00e9s<\/li>\n<li>Un nombre significatif de leads qualifi\u00e9s sur vos priorit\u00e9s<\/li>\n<li>De vrais rendez-vous B2B avec des acheteurs, int\u00e9grateurs et d\u00e9cideurs<\/li>\n<li>Des opportunit\u00e9s de partenariats exploratoires avec des fabricants d\u2019\u00e9quipements (OEM) et des utilisateurs finaux strat\u00e9giques sur vos march\u00e9s cibles<\/li>\n<li>Un plan d\u2019actions export sur 6 \u00e0 12 mois pour structurer et acc\u00e9l\u00e9rer votre croissance internationale<\/li>\n<\/ul>\n<p>Ce service peut \u00eatre combin\u00e9 avec nos rapports de Market Intelligence afin de valider vos march\u00e9s cibles avant le passage \u00e0 l\u2019\u00e9chelle, ainsi qu\u2019avec notre offre de Repr\u00e9sentation Commerciale pour une ex\u00e9cution fluide sur le terrain.<\/p>\n<p>En plus de notre expertise en d\u00e9veloppement strat\u00e9gique, nous vous aidons \u00e0 acc\u00e9der \u00e0 des financements adapt\u00e9s \u00e0 vos besoins, faisant de nous un v\u00e9ritable acc\u00e9l\u00e9rateur pour les entreprises innovantes.<\/p>\n<p><a class=\"btn black\" href=\"https:\/\/www.arzhoptics.com\/wp-content\/uploads\/2025\/12\/ArzhOptics_Conseil-Affaires_Accomp_Strategique.pdf\">Download the flyer<\/a><\/p>\n<\/div>\n<\/div><\/div><\/div><\/div><\/div><\/div><\/div>\t\t\t\t<\/div>\n\t\t\t<\/div>\n\t\t<\/div>\n\t\t\t<div class=\"sow-accordion-panel\n\t\t\t\t\t\"\n\t\t\t\tdata-anchor-id=\"veille-de-marche-rapports-dinnovation\">\n\t\t\t\t\t<div class=\"sow-accordion-panel-header-container\" role=\"heading\" aria-level=\"2\">\n\t\t\t\t\t<div class=\"sow-accordion-panel-header\" tabindex=\"0\" role=\"button\" id=\"accordion-label-veille-de-march%c3%a9-rapports-d%e2%80%99innovation\" aria-controls=\"accordion-content-veille-de-march%c3%a9-rapports-d%e2%80%99innovation\" aria-expanded=\"false\">\n\t\t\t\t\t\t<div class=\"sow-accordion-title sow-accordion-title-icon-left\">\n\t\t\t\t\t\t\t\t\t\t\t\t\t\tVeille de march\u00e9 &amp; rapports d\u2019innovation\t\t\t\t\t\t\t\t\t\t\t\t\t<\/div>\n\t\t\t\t\t\t<div class=\"sow-accordion-open-close-button\">\n\t\t\t\t\t\t\t<div class=\"sow-accordion-open-button\">\n\t\t\t\t\t\t\t\t<span class=\"sow-icon-fontawesome sow-fas\" data-sow-icon=\"&#x2b;\"\n\t\t \n\t\taria-hidden=\"true\"><\/span>\t\t\t\t\t\t\t<\/div>\n\t\t\t\t\t\t\t<div class=\"sow-accordion-close-button\">\n\t\t\t\t\t\t\t\t<span class=\"sow-icon-fontawesome sow-fas\" data-sow-icon=\"&#xf068;\"\n\t\t \n\t\taria-hidden=\"true\"><\/span>\t\t\t\t\t\t\t<\/div>\n\t\t\t\t\t\t<\/div>\n\t\t\t\t\t<\/div>\n\t\t\t\t<\/div>\n\n\t\t\t<div\n\t\t\t\tclass=\"sow-accordion-panel-content\"\n\t\t\t\trole=\"region\"\n\t\t\t\taria-labelledby=\"accordion-label-veille-de-march%c3%a9-rapports-d%e2%80%99innovation\"\n\t\t\t\tid=\"accordion-content-veille-de-march%c3%a9-rapports-d%e2%80%99innovation\"\n\t\t\t\tstyle=\"display: none;\"\t\t\t>\n\t\t\t\t<div class=\"sow-accordion-panel-border\">\n\t\t\t\t\t<div id=\"pl-wceedbd61\"  class=\"panel-layout\" ><div id=\"pg-wceedbd61-0\"  class=\"panel-grid panel-has-style\" ><div class=\"panel-row-style panel-row-style-for-wceedbd61-0\" ><div id=\"pgc-wceedbd61-0-0\"  class=\"panel-grid-cell\" ><div id=\"panel-wceedbd61-0-0-0\" class=\"so-panel widget widget_sow-image panel-first-child panel-last-child\" data-index=\"0\" ><div class=\"panel-widget-style panel-widget-style-for-wceedbd61-0-0-0\" ><div\n\t\t\t\n\t\t\tclass=\"so-widget-sow-image so-widget-sow-image-default-8b5b6f678277\"\n\t\t\t\n\t\t>\n<div class=\"sow-image-container\">\n\t\t<img \n\tsrc=\"https:\/\/www.arzhoptics.com\/wp-content\/uploads\/2025\/04\/market-intelligence.jpg\" width=\"800\" height=\"800\" srcset=\"https:\/\/www.arzhoptics.com\/wp-content\/uploads\/2025\/04\/market-intelligence.jpg 800w, https:\/\/www.arzhoptics.com\/wp-content\/uploads\/2025\/04\/market-intelligence-300x300.jpg 300w, https:\/\/www.arzhoptics.com\/wp-content\/uploads\/2025\/04\/market-intelligence-150x150.jpg 150w, https:\/\/www.arzhoptics.com\/wp-content\/uploads\/2025\/04\/market-intelligence-768x768.jpg 768w, https:\/\/www.arzhoptics.com\/wp-content\/uploads\/2025\/04\/market-intelligence-125x125.jpg 125w\" sizes=\"(max-width: 800px) 100vw, 800px\" alt=\"\" \t\tclass=\"so-widget-image\"\/>\n\t<\/div>\n\n<\/div><\/div><\/div><\/div><div id=\"pgc-wceedbd61-0-1\"  class=\"panel-grid-cell panel-grid-cell-empty\" ><\/div><div id=\"pgc-wceedbd61-0-2\"  class=\"panel-grid-cell\" ><div id=\"panel-wceedbd61-0-2-0\" class=\"so-panel widget widget_sow-editor panel-first-child panel-last-child\" data-index=\"1\" ><div class=\"panel-widget-style panel-widget-style-for-wceedbd61-0-2-0\" ><div\n\t\t\t\n\t\t\tclass=\"so-widget-sow-editor so-widget-sow-editor-base\"\n\t\t\t\n\t\t>\n<div class=\"siteorigin-widget-tinymce textwidget\">\n\t<p><strong>En tant que start-up, PME ou entreprise de plus grande taille, vous d\u00e9veloppez une nouvelle technologie ou un nouveau produit, mais vous h\u00e9sitez quant \u00e0 ses march\u00e9s potentiels, ses applications et son positionnement.<\/strong><\/p>\n<p>ArzhOptics vous accompagne dans l\u2019identification et la compr\u00e9hension de vos opportunit\u00e9s de march\u00e9 en r\u00e9alisant des \u00e9tudes et rapports sur mesure combinant veille technologique, intelligence concurrentielle, prospective strat\u00e9gique et recommandations op\u00e9rationnelles.<\/p>\n<p>En travaillant sous accord de confidentialit\u00e9 et en \u00e9troite collaboration avec vos \u00e9quipes, nous vous apportons les \u00e9l\u00e9ments n\u00e9cessaires pour prendre des d\u00e9cisions \u00e9clair\u00e9es \u2014 avec la possibilit\u00e9 d\u2019inclure une liste personnalis\u00e9e de clients potentiels qualifi\u00e9s afin de soutenir votre strat\u00e9gie de mise sur le march\u00e9.<\/p>\n<p><strong>Objectif : s\u00e9curiser votre go-to-market<\/strong><\/p>\n<ul class=\"list\">\n<li>Clarifier o\u00f9 votre technologie apporte le plus de valeur<\/li>\n<li>Identifier les march\u00e9s, applications et segments clients les plus prometteurs<\/li>\n<li>Comprendre le paysage concurrentiel et les tendances cl\u00e9s<\/li>\n<li>Prendre des d\u00e9cisions \u00e9clair\u00e9es sur le positionnement, les prix et les prochaines \u00e9tapes<\/li>\n<\/ul>\n<p>L\u2019objectif est de r\u00e9duire l\u2019incertitude, de focaliser vos ressources et de transformer la connaissance march\u00e9 en une feuille de route go-to-market concr\u00e8te et r\u00e9aliste.<\/p>\n<p><strong>Ce que nous faisons pour vous<\/strong><\/p>\n<ul class=\"list\">\n<li>D\u00e9finition des questions cl\u00e9s, du p\u00e9rim\u00e8tre et des crit\u00e8res de d\u00e9cision avec votre \u00e9quipe<\/li>\n<li>Analyse du paysage technologique et applicatif (cas d\u2019usage, march\u00e9s adjacents, tendances \u00e9mergentes)<\/li>\n<li>Analyse de march\u00e9 : segments, cas d\u2019usage, moteurs et freins \u00e0 l\u2019adoption, contraintes r\u00e9glementaires ou \u00e9cosyst\u00e9miques lorsque pertinent<\/li>\n<li>Analyse concurrentielle et benchmark (acteurs, offres, diff\u00e9renciation, positionnement)<\/li>\n<li>Identification et qualification des segments clients et parties prenantes prioritaires (utilisateurs finaux, int\u00e9grateurs, OEM, \u00e9cosyst\u00e8mes de recherche ou industriels)<\/li>\n<li>Adaptation de vos supports commerciaux et marketing aux attentes des clients<\/li>\n<li>Recommandations strat\u00e9giques sur l\u2019entr\u00e9e march\u00e9, le positionnement et les mod\u00e8les \u00e9conomiques potentiels<\/li>\n<li>Option : liste personnalis\u00e9e de prospects qualifi\u00e9s (entreprises et contacts cl\u00e9s) pour soutenir votre prospection commerciale, en synergie avec le service de Business Development<\/li>\n<li>Option : Ateliers de restitution optionnels avec votre \u00e9quipe afin d\u2019aligner les prochaines \u00e9tapes et d\u2019int\u00e9grer les r\u00e9sultats dans votre feuille de route<\/li>\n<\/ul>\n<p><strong>Ce que vous pouvez attendre<\/strong><br \/>\nQue vous ayez besoin d\u2019une vision strat\u00e9gique globale de votre march\u00e9 ou d\u2019une analyse approfondie cibl\u00e9e sur des applications ou segments sp\u00e9cifiques, le projet s\u2019\u00e9tend g\u00e9n\u00e9ralement sur quelques semaines \u00e0 quelques mois, et vous pouvez attendre :<\/p>\n<ul class=\"list\">\n<li>Un rapport structur\u00e9, orient\u00e9 d\u00e9cision, synth\u00e9tisant les opportunit\u00e9s de march\u00e9, les tendances cl\u00e9s et le paysage concurrentiel pour votre technologie<\/li>\n<li>Une priorisation claire des march\u00e9s, applications et segments clients cibles, avec justification<\/li>\n<li>Des recommandations strat\u00e9giques concr\u00e8tes pour soutenir votre go-to-market, votre strat\u00e9gie de partenariat et vos options de positionnement<\/li>\n<li>Si s\u00e9lectionn\u00e9 : une liste qualifi\u00e9e de clients et partenaires potentiels (avec profils d\u2019entreprises) pouvant alimenter directement votre pipeline de Business Development<\/li>\n<\/ul>\n<p>Ce service compl\u00e8te nos activit\u00e9s de Business Development en apportant validation march\u00e9 et clart\u00e9 strat\u00e9gique, et peut \u00eatre associ\u00e9 \u00e0 notre service de Repr\u00e9sentation Commerciale pour transformer les analyses en actions commerciales concr\u00e8tes.<\/p>\n<p><a class=\"btn black\" href=\"https:\/\/www.arzhoptics.com\/wp-content\/uploads\/2025\/12\/ArzhOptics_Veille_Marche_Rapports_Innovation.pdf\">Download the flyer<\/a><\/p>\n<\/div>\n<\/div><\/div><\/div><\/div><\/div><\/div><\/div>\t\t\t\t<\/div>\n\t\t\t<\/div>\n\t\t<\/div>\n\t\t\t<div class=\"sow-accordion-panel\n\t\t\t\t\t\"\n\t\t\t\tdata-anchor-id=\"representation-commerciale\">\n\t\t\t\t\t<div class=\"sow-accordion-panel-header-container\" role=\"heading\" aria-level=\"2\">\n\t\t\t\t\t<div class=\"sow-accordion-panel-header\" tabindex=\"0\" role=\"button\" id=\"accordion-label-repr%c3%a9sentation-commerciale\" aria-controls=\"accordion-content-repr%c3%a9sentation-commerciale\" aria-expanded=\"false\">\n\t\t\t\t\t\t<div class=\"sow-accordion-title sow-accordion-title-icon-left\">\n\t\t\t\t\t\t\t\t\t\t\t\t\t\tRepr\u00e9sentation Commerciale\t\t\t\t\t\t\t\t\t\t\t\t\t<\/div>\n\t\t\t\t\t\t<div class=\"sow-accordion-open-close-button\">\n\t\t\t\t\t\t\t<div class=\"sow-accordion-open-button\">\n\t\t\t\t\t\t\t\t<span class=\"sow-icon-fontawesome sow-fas\" data-sow-icon=\"&#x2b;\"\n\t\t \n\t\taria-hidden=\"true\"><\/span>\t\t\t\t\t\t\t<\/div>\n\t\t\t\t\t\t\t<div class=\"sow-accordion-close-button\">\n\t\t\t\t\t\t\t\t<span class=\"sow-icon-fontawesome sow-fas\" data-sow-icon=\"&#xf068;\"\n\t\t \n\t\taria-hidden=\"true\"><\/span>\t\t\t\t\t\t\t<\/div>\n\t\t\t\t\t\t<\/div>\n\t\t\t\t\t<\/div>\n\t\t\t\t<\/div>\n\n\t\t\t<div\n\t\t\t\tclass=\"sow-accordion-panel-content\"\n\t\t\t\trole=\"region\"\n\t\t\t\taria-labelledby=\"accordion-label-repr%c3%a9sentation-commerciale\"\n\t\t\t\tid=\"accordion-content-repr%c3%a9sentation-commerciale\"\n\t\t\t\tstyle=\"display: none;\"\t\t\t>\n\t\t\t\t<div class=\"sow-accordion-panel-border\">\n\t\t\t\t\t<div id=\"pl-w1ebd9f0a\"  class=\"panel-layout\" ><div id=\"pg-w1ebd9f0a-0\"  class=\"panel-grid panel-has-style\" ><div class=\"panel-row-style panel-row-style-for-w1ebd9f0a-0\" ><div id=\"pgc-w1ebd9f0a-0-0\"  class=\"panel-grid-cell\" ><div id=\"panel-w1ebd9f0a-0-0-0\" class=\"so-panel widget widget_sow-image panel-first-child panel-last-child\" data-index=\"0\" ><div class=\"panel-widget-style panel-widget-style-for-w1ebd9f0a-0-0-0\" ><div\n\t\t\t\n\t\t\tclass=\"so-widget-sow-image so-widget-sow-image-default-8b5b6f678277\"\n\t\t\t\n\t\t>\n<div class=\"sow-image-container\">\n\t\t<img \n\tsrc=\"https:\/\/www.arzhoptics.com\/wp-content\/uploads\/2025\/05\/technical-sales-distribution-support.jpg\" width=\"800\" height=\"800\" srcset=\"https:\/\/www.arzhoptics.com\/wp-content\/uploads\/2025\/05\/technical-sales-distribution-support.jpg 800w, https:\/\/www.arzhoptics.com\/wp-content\/uploads\/2025\/05\/technical-sales-distribution-support-300x300.jpg 300w, https:\/\/www.arzhoptics.com\/wp-content\/uploads\/2025\/05\/technical-sales-distribution-support-150x150.jpg 150w, https:\/\/www.arzhoptics.com\/wp-content\/uploads\/2025\/05\/technical-sales-distribution-support-768x768.jpg 768w, https:\/\/www.arzhoptics.com\/wp-content\/uploads\/2025\/05\/technical-sales-distribution-support-125x125.jpg 125w\" sizes=\"(max-width: 800px) 100vw, 800px\" alt=\"\" \t\tclass=\"so-widget-image\"\/>\n\t<\/div>\n\n<\/div><\/div><\/div><\/div><div id=\"pgc-w1ebd9f0a-0-1\"  class=\"panel-grid-cell panel-grid-cell-empty\" ><\/div><div id=\"pgc-w1ebd9f0a-0-2\"  class=\"panel-grid-cell\" ><div id=\"panel-w1ebd9f0a-0-2-0\" class=\"so-panel widget widget_sow-editor panel-first-child panel-last-child\" data-index=\"1\" ><div class=\"panel-widget-style panel-widget-style-for-w1ebd9f0a-0-2-0\" ><div\n\t\t\t\n\t\t\tclass=\"so-widget-sow-editor so-widget-sow-editor-base\"\n\t\t\t\n\t\t>\n<div class=\"siteorigin-widget-tinymce textwidget\">\n\t<p><strong>Vous \u00eates une start-up ou une PME \u00e0 la recherche d\u2019un repr\u00e9sentant commercial en France, en Europe ou \u00e0 l\u2019international .<\/strong><\/p>\n<p>ArzhOptics accompagne les entreprises de la photonique et des deep-tech dans l\u2019acc\u00e8s aux march\u00e9s fran\u00e7ais, europ\u00e9ens et mondiaux gr\u00e2ce \u00e0 une repr\u00e9sentation commerciale proactive, un soutien aux ventes et une participation aux salons professionnels et \u00e9v\u00e9nements industriels.<\/p>\n<p><strong>Ce que nous faisons pour vous<\/strong><\/p>\n<ul class=\"list\">\n<li>Repr\u00e9senter vos produits et votre marque aupr\u00e8s de clients cibl\u00e9s en France, en Europe et sur certains march\u00e9s internationaux<\/li>\n<li>Prospection proactive : visites, appels, emails et rendez-vous avec des comptes qualifi\u00e9s, et mise en place d\u2019un CRM avec reporting et communication r\u00e9guliers<\/li>\n<li>Suivi des leads entrants et des opportunit\u00e9s en votre nom<\/li>\n<li>Accompagnement dans la pr\u00e9paration et le d\u00e9roulement des actions commerciales sur les salons et conf\u00e9rences cl\u00e9s (avant, pendant et apr\u00e8s les \u00e9v\u00e9nements)<\/li>\n<li>Retours terrain r\u00e9guliers pour affiner votre positionnement, vos offres et vos messages<\/li>\n<\/ul>\n<p><strong>Ce que vous pouvez attendre<\/strong><\/p>\n<ul class=\"list\">\n<li>Une visibilit\u00e9 accrue de vos produits sur vos march\u00e9s prioritaires<\/li>\n<li>Un pipeline croissant d\u2019opportunit\u00e9s qualifi\u00e9es en France et en Europe<\/li>\n<li>Davantage de rendez-vous avec des d\u00e9cideurs, int\u00e9grateurs et distributeurs pertinents<\/li>\n<li>Une pr\u00e9sence locale renforc\u00e9e sans les co\u00fbts et la complexit\u00e9 li\u00e9s \u00e0 la cr\u00e9ation de votre propre structure commerciale<\/li>\n<\/ul>\n<p>Ce service peut \u00eatre combin\u00e9 avec nos services de Business Development et de Market Intelligence pour une approche go-to-market pleinement int\u00e9gr\u00e9e et pilot\u00e9e par la donn\u00e9e.<\/p>\n<p><a class=\"btn black\" href=\"https:\/\/www.arzhoptics.com\/wp-content\/uploads\/2025\/12\/ArzhOptics_Representation_Commerciale.pdf\">Download the flyer<\/a><\/p>\n<\/div>\n<\/div><\/div><\/div><\/div><\/div><\/div><\/div>\t\t\t\t<\/div>\n\t\t\t<\/div>\n\t\t<\/div>\n\t\t<\/div>\n<\/div>\n<\/div><\/div><\/div><\/div><\/div><div id=\"pg-293-2\"  class=\"panel-grid panel-has-style\" ><div class=\"bg cta services siteorigin-panels-stretch panel-row-style panel-row-style-for-293-2\" data-stretch-type=\"full\" ><div id=\"pgc-293-2-0\"  class=\"panel-grid-cell\" ><div id=\"panel-293-2-0-0\" class=\"so-panel widget widget_sow-editor panel-first-child panel-last-child\" data-index=\"4\" ><div class=\"limitp panel-widget-style panel-widget-style-for-293-2-0-0\" ><div\n\t\t\t\n\t\t\tclass=\"so-widget-sow-editor so-widget-sow-editor-base\"\n\t\t\t\n\t\t>\n<div class=\"siteorigin-widget-tinymce textwidget\">\n\t<h4 style=\"text-align: center;\">D\u00e9couvrez comment nous pouvons accompagner votre d\u00e9veloppement<\/h4>\n<p><center><a class=\"btn yellow large\" href=\"https:\/\/www.arzhoptics.com\/fr\/contact\/\">Contacter nous d\u00e8s aujourd\u2019hui.<\/a><\/center><\/p>\n<\/div>\n<\/div><\/div><\/div><\/div><\/div><\/div><\/div>","protected":false},"excerpt":{"rendered":"<p>Ce que nous faisons Nous accompagnons l\u2019innovation et la croissance dans les secteurs de la photonique et des deep tech,&#8230; <a class=\"excerpt-read-more button\" href=\"https:\/\/www.arzhoptics.com\/fr\/services\/\" title=\"ReadServices\"> Lire la suite<\/a><\/p>\n","protected":false},"author":1,"featured_media":0,"parent":0,"menu_order":0,"comment_status":"closed","ping_status":"closed","template":"template-title.php","meta":{"_acf_changed":false,"inline_featured_image":false,"footnotes":""},"class_list":["post-293","page","type-page","status-publish","hentry"],"acf":[],"aioseo_notices":[],"_links":{"self":[{"href":"https:\/\/www.arzhoptics.com\/fr\/wp-json\/wp\/v2\/pages\/293","targetHints":{"allow":["GET"]}}],"collection":[{"href":"https:\/\/www.arzhoptics.com\/fr\/wp-json\/wp\/v2\/pages"}],"about":[{"href":"https:\/\/www.arzhoptics.com\/fr\/wp-json\/wp\/v2\/types\/page"}],"author":[{"embeddable":true,"href":"https:\/\/www.arzhoptics.com\/fr\/wp-json\/wp\/v2\/users\/1"}],"replies":[{"embeddable":true,"href":"https:\/\/www.arzhoptics.com\/fr\/wp-json\/wp\/v2\/comments?post=293"}],"version-history":[{"count":16,"href":"https:\/\/www.arzhoptics.com\/fr\/wp-json\/wp\/v2\/pages\/293\/revisions"}],"predecessor-version":[{"id":656,"href":"https:\/\/www.arzhoptics.com\/fr\/wp-json\/wp\/v2\/pages\/293\/revisions\/656"}],"wp:attachment":[{"href":"https:\/\/www.arzhoptics.com\/fr\/wp-json\/wp\/v2\/media?parent=293"}],"curies":[{"name":"wp","href":"https:\/\/api.w.org\/{rel}","templated":true}]}}